{"id":5360,"date":"2019-10-30T14:09:48","date_gmt":"2019-10-30T14:09:48","guid":{"rendered":"https:\/\/www.gerontim.com\/?page_id=5360"},"modified":"2022-06-15T11:08:44","modified_gmt":"2022-06-15T10:08:44","slug":"politique-gestion-cookies","status":"publish","type":"page","link":"https:\/\/www.gerontim.com\/fr\/politique-gestion-cookies\/","title":{"rendered":"Gestion des cookies"},"content":{"rendered":"\t\t<div data-elementor-type=\"wp-post\" data-elementor-id=\"5360\" class=\"elementor elementor-5360\" data-elementor-post-type=\"page\">\n\t\t\t\t\t\t<section class=\"elementor-section elementor-top-section elementor-element elementor-element-da1a845 elementor-section-boxed elementor-section-height-default elementor-section-height-default\" data-id=\"da1a845\" data-element_type=\"section\" data-e-type=\"section\">\n\t\t\t\t\t\t<div class=\"elementor-container elementor-column-gap-default\">\n\t\t\t\t\t<div class=\"elementor-column elementor-col-100 elementor-top-column elementor-element elementor-element-7656801\" data-id=\"7656801\" data-element_type=\"column\" data-e-type=\"column\">\n\t\t\t<div class=\"elementor-widget-wrap elementor-element-populated\">\n\t\t\t\t\t\t<div class=\"elementor-element elementor-element-4c194e0 elementor-widget elementor-widget-text-editor\" data-id=\"4c194e0\" data-element_type=\"widget\" data-e-type=\"widget\" data-widget_type=\"text-editor.default\">\n\t\t\t\t<div class=\"elementor-widget-container\">\n\t\t\t\t\t\t\t\t\t<p>Cette page compl\u00e8te notre <a href=\"https:\/\/www.gerontim.com\/fr\/politique-confidentialite-protection-donnees-personnelles\/\">Politique de confidentialit\u00e9 et protection des donn\u00e9es personnelles.<\/a> Elle vous permet d\u2019en savoir plus sur l\u2019origine et l\u2019usage des informations de navigation trait\u00e9es \u00e0 l\u2019occasion de votre consultation de notre site, et sur vos droits.<\/p>\t\t\t\t\t\t\t\t<\/div>\n\t\t\t\t<\/div>\n\t\t\t\t\t<\/div>\n\t\t<\/div>\n\t\t\t\t\t<\/div>\n\t\t<\/section>\n\t\t\t\t<section class=\"elementor-section elementor-top-section elementor-element elementor-element-c59f7ea elementor-section-boxed elementor-section-height-default elementor-section-height-default\" data-id=\"c59f7ea\" data-element_type=\"section\" data-e-type=\"section\">\n\t\t\t\t\t\t<div class=\"elementor-container elementor-column-gap-default\">\n\t\t\t\t\t<div class=\"elementor-column elementor-col-100 elementor-top-column elementor-element elementor-element-5272d6b\" data-id=\"5272d6b\" data-element_type=\"column\" data-e-type=\"column\">\n\t\t\t<div class=\"elementor-widget-wrap elementor-element-populated\">\n\t\t\t\t\t\t<div class=\"elementor-element elementor-element-c61142a elementor-widget elementor-widget-heading\" data-id=\"c61142a\" data-element_type=\"widget\" data-e-type=\"widget\" data-widget_type=\"heading.default\">\n\t\t\t\t<div class=\"elementor-widget-container\">\n\t\t\t\t\t<h2 class=\"elementor-heading-title elementor-size-default\">Liste des cookies \n<\/h2>\t\t\t\t<\/div>\n\t\t\t\t<\/div>\n\t\t\t\t<div class=\"elementor-element elementor-element-e7157ee elementor-widget elementor-widget-text-editor\" data-id=\"e7157ee\" data-element_type=\"widget\" data-e-type=\"widget\" data-widget_type=\"text-editor.default\">\n\t\t\t\t<div class=\"elementor-widget-container\">\n\t\t\t\t\t\t\t\t\t<p>Gerontim n\u2019utilise pas de cookies propri\u00e9taires sur son site.<\/p><p>Les cookies tiers utilis\u00e9s sont\u00a0:<\/p><p>&#8211; <u>Ceux de Google Analytics<\/u>, dont vous pouvez consulter la politique en mati\u00e8re de cookies en cliquant sur le lien suivant : <a rel=\"noreferrer noopener\" href=\"https:\/\/policies.google.com\/technologies\/cookies?hl=fr\" target=\"_blank\" rel=\"noopener\">https:\/\/policies.google.com\/technologies\/cookies?hl=fr<\/a>\u00a0\u00a0<\/p><p>&#8211; <u>Les cookies de partage des r\u00e9seaux sociaux<\/u>, \u00e9mis et g\u00e9r\u00e9s par l\u2019\u00e9diteur du r\u00e9seau social concern\u00e9. Deux types de cookies de partage des r\u00e9seaux sociaux sont pr\u00e9sents sur le site de Gerontim :<\/p><ul><li><strong>LinkedIn<\/strong>, dont vous trouverez la politique relative aux cookies en cliquant sur le lien suivant : <a rel=\"noreferrer noopener\" href=\"https:\/\/www.linkedin.com\/legal\/cookie-policy?_l=fr_FR\" target=\"_blank\" rel=\"noopener\">https:\/\/www.linkedin.com\/legal\/cookie-policy?_l=fr_FR<\/a><\/li><li><strong>Twitter<\/strong>, dont vous trouverez les options d\u00e9di\u00e9es au contr\u00f4le ou \u00e0 la restriction de l\u2019utilisation des cookies ainsi que la politique d\u2019utilisation des cookies sur le lien suivant : <a rel=\"noreferrer noopener\" href=\"https:\/\/support.twitter.com\/articles\/20170518\" target=\"_blank\" rel=\"noopener\">https:\/\/support.twitter.com\/articles\/20170518#<\/a><\/li><\/ul>\t\t\t\t\t\t\t\t<\/div>\n\t\t\t\t<\/div>\n\t\t\t\t\t<\/div>\n\t\t<\/div>\n\t\t\t\t\t<\/div>\n\t\t<\/section>\n\t\t\t\t<section class=\"elementor-section elementor-top-section elementor-element elementor-element-f88b8f4 elementor-section-boxed elementor-section-height-default elementor-section-height-default\" data-id=\"f88b8f4\" data-element_type=\"section\" data-e-type=\"section\">\n\t\t\t\t\t\t<div class=\"elementor-container elementor-column-gap-default\">\n\t\t\t\t\t<div class=\"elementor-column elementor-col-100 elementor-top-column elementor-element elementor-element-e12ff14\" data-id=\"e12ff14\" data-element_type=\"column\" data-e-type=\"column\">\n\t\t\t<div class=\"elementor-widget-wrap elementor-element-populated\">\n\t\t\t\t\t\t<div class=\"elementor-element elementor-element-8611b53 elementor-widget elementor-widget-heading\" data-id=\"8611b53\" data-element_type=\"widget\" data-e-type=\"widget\" data-widget_type=\"heading.default\">\n\t\t\t\t<div class=\"elementor-widget-container\">\n\t\t\t\t\t<h2 class=\"elementor-heading-title elementor-size-default\">Utilisation et conservation des donn\u00e9es<\/h2>\t\t\t\t<\/div>\n\t\t\t\t<\/div>\n\t\t\t\t<div class=\"elementor-element elementor-element-c863d55 elementor-widget elementor-widget-text-editor\" data-id=\"c863d55\" data-element_type=\"widget\" data-e-type=\"widget\" data-widget_type=\"text-editor.default\">\n\t\t\t\t<div class=\"elementor-widget-container\">\n\t\t\t\t\t\t\t\t\t<p>Les informations recueillies par le biais des cookies utilis\u00e9s sur ce site sont conserv\u00e9es un (1) an \u00e0 des fins de r\u00e9alisation de statistiques d&rsquo;audience (Google Analytics).<\/p><p>S\u2019agissant des cookies sociaux, et sous r\u00e9serve de votre consentement, ils vous permettent de partager facilement une partie du contenu publi\u00e9 sur le site de Gerontim, notamment par l\u2019interm\u00e9diaire d\u2019un \u00ab bouton \u00bb applicatif de partage selon le r\u00e9seau social concern\u00e9.<\/p>\t\t\t\t\t\t\t\t<\/div>\n\t\t\t\t<\/div>\n\t\t\t\t\t<\/div>\n\t\t<\/div>\n\t\t\t\t\t<\/div>\n\t\t<\/section>\n\t\t\t\t<section class=\"elementor-section elementor-top-section elementor-element elementor-element-539a139 elementor-section-boxed elementor-section-height-default elementor-section-height-default\" data-id=\"539a139\" data-element_type=\"section\" data-e-type=\"section\">\n\t\t\t\t\t\t<div class=\"elementor-container elementor-column-gap-default\">\n\t\t\t\t\t<div class=\"elementor-column elementor-col-100 elementor-top-column elementor-element elementor-element-e3ab45c\" data-id=\"e3ab45c\" data-element_type=\"column\" data-e-type=\"column\">\n\t\t\t<div class=\"elementor-widget-wrap elementor-element-populated\">\n\t\t\t\t\t\t<div class=\"elementor-element elementor-element-9d09a65 elementor-widget elementor-widget-heading\" data-id=\"9d09a65\" data-element_type=\"widget\" data-e-type=\"widget\" data-widget_type=\"heading.default\">\n\t\t\t\t<div class=\"elementor-widget-container\">\n\t\t\t\t\t<h2 class=\"elementor-heading-title elementor-size-default\">D\u00e9sactivation \/ param\u00e9trage des cookies<\/h2>\t\t\t\t<\/div>\n\t\t\t\t<\/div>\n\t\t\t\t<div class=\"elementor-element elementor-element-256d6eb elementor-widget elementor-widget-text-editor\" data-id=\"256d6eb\" data-element_type=\"widget\" data-e-type=\"widget\" data-widget_type=\"text-editor.default\">\n\t\t\t\t<div class=\"elementor-widget-container\">\n\t\t\t\t\t\t\t\t\t<p>Lors de la premi\u00e8re navigation sur ce site, une banni\u00e8re explicative sur l\u2019utilisation des cookies appara\u00eetra. D\u00e8s lors, en poursuivant la navigation, vous serez r\u00e9put\u00e9 inform\u00e9 et aurez accept\u00e9 l\u2019utilisation desdits cookies. Vous gardez la possibilit\u00e9 de refuser\/param\u00e9trer l\u2019utilisation des cookies \u00e0 tout moment. \u00a0<\/p><p>Le menu de la plupart des navigateurs comporte des options permettant de g\u00e9rer vos cookies en r\u00e9glant ou en configurant vos param\u00e8tres de cookies.<\/p><p>La liste suivante permet d&rsquo;acc\u00e9der au support expliquant comment afficher les cookies selon le navigateur. Si vous utilisez un navigateur diff\u00e9rent, consultez les informations sur les cookies propres \u00e0 votre navigateur.<\/p><ul><li>Internet Explorer : <a rel=\"noreferrer noopener\" href=\"http:\/\/windows.microsoft.com\/fr-fr\/internet-explorer\/delete-manage-cookies\" target=\"_blank\" rel=\"noopener\">http:\/\/windows.microsoft.com\/fr-fr\/internet-explorer\/delete-manage-cookies<\/a><\/li><li>Google chrome : <a rel=\"noreferrer noopener\" href=\"https:\/\/support.google.com\/chrome\/answer\/95647?hl=fr\" target=\"_blank\" rel=\"noopener\">https:\/\/support.google.com\/chrome\/answer\/95647?hl=fr<\/a><\/li><li>Mozilla Firefox : <a rel=\"noreferrer noopener\" href=\"https:\/\/support.mozilla.org\/fr\/kb\/cookies-informations-sites-enregistrent\" target=\"_blank\" rel=\"noopener\">https:\/\/support.mozilla.org\/fr\/kb\/cookies-informations-sites-enregistrent<\/a><\/li><\/ul><p>Veuillez noter que si vous refusez l\u2019enregistrement de cookies sur votre terminal, vous serez toujours en mesure de naviguer sur ce site, mais certaines parties et options pourraient ne pas fonctionner correctement.<\/p>\t\t\t\t\t\t\t\t<\/div>\n\t\t\t\t<\/div>\n\t\t\t\t\t<\/div>\n\t\t<\/div>\n\t\t\t\t\t<\/div>\n\t\t<\/section>\n\t\t\t\t<section class=\"elementor-section elementor-top-section elementor-element elementor-element-036835f elementor-section-boxed elementor-section-height-default elementor-section-height-default\" data-id=\"036835f\" data-element_type=\"section\" data-e-type=\"section\">\n\t\t\t\t\t\t<div class=\"elementor-container elementor-column-gap-default\">\n\t\t\t\t\t<div class=\"elementor-column elementor-col-100 elementor-top-column elementor-element elementor-element-7d830f4\" data-id=\"7d830f4\" data-element_type=\"column\" data-e-type=\"column\">\n\t\t\t<div class=\"elementor-widget-wrap elementor-element-populated\">\n\t\t\t\t\t\t<div class=\"elementor-element elementor-element-67c8e03 elementor-widget elementor-widget-heading\" data-id=\"67c8e03\" data-element_type=\"widget\" data-e-type=\"widget\" data-widget_type=\"heading.default\">\n\t\t\t\t<div class=\"elementor-widget-container\">\n\t\t\t\t\t<h2 class=\"elementor-heading-title elementor-size-default\">Google Analytics et Vie priv\u00e9e<\/h2>\t\t\t\t<\/div>\n\t\t\t\t<\/div>\n\t\t\t\t<div class=\"elementor-element elementor-element-5ca44a8 elementor-widget elementor-widget-text-editor\" data-id=\"5ca44a8\" data-element_type=\"widget\" data-e-type=\"widget\" data-widget_type=\"text-editor.default\">\n\t\t\t\t<div class=\"elementor-widget-container\">\n\t\t\t\t\t\t\t\t\t<p>Nous utilisons Google Analytics pour suivre votre activit\u00e9 sur notre site, connaitre le nombre d&rsquo;utilisateurs qui visitent nos pages et quels sont les contenus visionn\u00e9s. L&rsquo;analyse est anonyme. Les cookies de Google Analytics sont stock\u00e9s sur votre terminal et peuvent \u00eatre transf\u00e9r\u00e9es \u00e0 un serveur de Google situ\u00e9 aux USA o\u00f9 elles seront enregistr\u00e9es. Google utilisera ces informations pour exploiter votre utilisation du site Web, pour composer des rapports sur les activit\u00e9s du site Web destin\u00e9s aux exploitants du m\u00eame site ainsi que pour fournir d&rsquo;autres prestations de services se rapportant \u00e0 l&rsquo;utilisation du site Web et de l&rsquo;Internet. Le cas \u00e9ch\u00e9ant, Google transmettra \u00e9galement ces informations \u00e0 des tiers dans la mesure o\u00f9 ceci est prescrit par la loi et o\u00f9 ces tiers traiteront ces donn\u00e9es sur ordre de Google.<\/p>\t\t\t\t\t\t\t\t<\/div>\n\t\t\t\t<\/div>\n\t\t\t\t\t<\/div>\n\t\t<\/div>\n\t\t\t\t\t<\/div>\n\t\t<\/section>\n\t\t\t\t<section class=\"elementor-section elementor-top-section elementor-element elementor-element-a0c43d5 elementor-section-boxed elementor-section-height-default elementor-section-height-default\" data-id=\"a0c43d5\" data-element_type=\"section\" data-e-type=\"section\">\n\t\t\t\t\t\t<div class=\"elementor-container elementor-column-gap-default\">\n\t\t\t\t\t<div class=\"elementor-column elementor-col-100 elementor-top-column elementor-element elementor-element-dfbd165\" data-id=\"dfbd165\" data-element_type=\"column\" data-e-type=\"column\">\n\t\t\t<div class=\"elementor-widget-wrap elementor-element-populated\">\n\t\t\t\t\t\t<div class=\"elementor-element elementor-element-9be4b7c elementor-widget elementor-widget-heading\" data-id=\"9be4b7c\" data-element_type=\"widget\" data-e-type=\"widget\" data-widget_type=\"heading.default\">\n\t\t\t\t<div class=\"elementor-widget-container\">\n\t\t\t\t\t<h2 class=\"elementor-heading-title elementor-size-default\">Liens utiles<\/h2>\t\t\t\t<\/div>\n\t\t\t\t<\/div>\n\t\t\t\t<div class=\"elementor-element elementor-element-2758f6c elementor-widget elementor-widget-text-editor\" data-id=\"2758f6c\" data-element_type=\"widget\" data-e-type=\"widget\" data-widget_type=\"text-editor.default\">\n\t\t\t\t<div class=\"elementor-widget-container\">\n\t\t\t\t\t\t\t\t\t<p>Pour en savoir plus sur les cookies, les sites suivants sont consultables :<\/p><ol><li><a rel=\"noreferrer noopener\" href=\"http:\/\/www.allaboutcookies.org\" target=\"_blank\" rel=\"noopener\">http:\/\/www.allaboutcookies.org<\/a><\/li><li><a rel=\"noreferrer noopener\" href=\"https:\/\/www.cnil.fr\/fr\/cookies-les-outils-pour-les-maitriser\" target=\"_blank\" rel=\"noopener\">https:\/\/www.cnil.fr\/fr\/cookies-les-outils-pour-les-maitriser<\/a><\/li><\/ol>\t\t\t\t\t\t\t\t<\/div>\n\t\t\t\t<\/div>\n\t\t\t\t\t<\/div>\n\t\t<\/div>\n\t\t\t\t\t<\/div>\n\t\t<\/section>\n\t\t\t\t<\/div>\n\t\t","protected":false},"excerpt":{"rendered":"<p>Cette page compl\u00e8te notre Politique de confidentialit\u00e9 et protection des donn\u00e9es personnelles. Elle vous permet d\u2019en savoir plus sur l\u2019origine et l\u2019usage des informations de navigation trait\u00e9es \u00e0 l\u2019occasion de votre consultation de notre site, et sur vos droits. Liste des cookies Gerontim n\u2019utilise pas de cookies propri\u00e9taires sur son site. Les cookies tiers utilis\u00e9s [&hellip;]<\/p>\n","protected":false},"author":2,"featured_media":0,"parent":0,"menu_order":0,"comment_status":"closed","ping_status":"closed","template":"","meta":{"site-sidebar-layout":"no-sidebar","site-content-layout":"page-builder","ast-site-content-layout":"default","site-content-style":"default","site-sidebar-style":"default","ast-global-header-display":"","ast-banner-title-visibility":"","ast-main-header-display":"","ast-hfb-above-header-display":"","ast-hfb-below-header-display":"","ast-hfb-mobile-header-display":"","site-post-title":"disabled","ast-breadcrumbs-content":"","ast-featured-img":"disabled","footer-sml-layout":"","theme-transparent-header-meta":"default","adv-header-id-meta":"","stick-header-meta":"default","header-above-stick-meta":"","header-main-stick-meta":"","header-below-stick-meta":"","astra-migrate-meta-layouts":"default","ast-page-background-enabled":"default","ast-page-background-meta":{"desktop":{"background-color":"","background-image":"","background-repeat":"repeat","background-position":"center center","background-size":"auto","background-attachment":"scroll","background-type":"","background-media":"","overlay-type":"","overlay-color":"","overlay-opacity":"","overlay-gradient":""},"tablet":{"background-color":"","background-image":"","background-repeat":"repeat","background-position":"center center","background-size":"auto","background-attachment":"scroll","background-type":"","background-media":"","overlay-type":"","overlay-color":"","overlay-opacity":"","overlay-gradient":""},"mobile":{"background-color":"","background-image":"","background-repeat":"repeat","background-position":"center center","background-size":"auto","background-attachment":"scroll","background-type":"","background-media":"","overlay-type":"","overlay-color":"","overlay-opacity":"","overlay-gradient":""}},"ast-content-background-meta":{"desktop":{"background-color":"var(--ast-global-color-5)","background-image":"","background-repeat":"repeat","background-position":"center center","background-size":"auto","background-attachment":"scroll","background-type":"","background-media":"","overlay-type":"","overlay-color":"","overlay-opacity":"","overlay-gradient":""},"tablet":{"background-color":"var(--ast-global-color-5)","background-image":"","background-repeat":"repeat","background-position":"center center","background-size":"auto","background-attachment":"scroll","background-type":"","background-media":"","overlay-type":"","overlay-color":"","overlay-opacity":"","overlay-gradient":""},"mobile":{"background-color":"var(--ast-global-color-5)","background-image":"","background-repeat":"repeat","background-position":"center center","background-size":"auto","background-attachment":"scroll","background-type":"","background-media":"","overlay-type":"","overlay-color":"","overlay-opacity":"","overlay-gradient":""}},"footnotes":""},"categories":[],"tags":[],"class_list":["post-5360","page","type-page","status-publish","hentry"],"yoast_head":"<!-- This site is optimized with the Yoast SEO plugin v27.4 - https:\/\/yoast.com\/product\/yoast-seo-wordpress\/ -->\n<title>Politique de gestion des cookies \u2013 Gerontim<\/title>\n<meta name=\"description\" content=\"Cliquez pour en savoir plus sur l\u2019origine et l\u2019usage des informations de navigation trait\u00e9es \u00e0 l\u2019occasion de votre consultation de notre site, et sur vos droits.\" \/>\n<meta name=\"robots\" content=\"index, follow, max-snippet:-1, max-image-preview:large, max-video-preview:-1\" \/>\n<link rel=\"canonical\" href=\"https:\/\/www.gerontim.com\/fr\/politique-gestion-cookies\/\" \/>\n<meta property=\"og:locale\" content=\"fr_FR\" \/>\n<meta property=\"og:type\" content=\"article\" \/>\n<meta property=\"og:title\" content=\"Politique de gestion des cookies \u2013 Gerontim\" \/>\n<meta property=\"og:description\" content=\"Cliquez pour en savoir plus sur l\u2019origine et l\u2019usage des informations de navigation trait\u00e9es \u00e0 l\u2019occasion de votre consultation de notre site, et sur vos droits.\" \/>\n<meta property=\"og:url\" content=\"https:\/\/www.gerontim.com\/fr\/politique-gestion-cookies\/\" \/>\n<meta property=\"og:site_name\" content=\"Gerontim\" \/>\n<meta property=\"article:modified_time\" content=\"2022-06-15T10:08:44+00:00\" \/>\n<meta name=\"twitter:card\" content=\"summary_large_image\" \/>\n<meta name=\"twitter:site\" content=\"@Gerontim\" \/>\n<meta name=\"twitter:label1\" content=\"Dur\u00e9e de lecture estim\u00e9e\" \/>\n\t<meta name=\"twitter:data1\" content=\"3 minutes\" \/>\n<script type=\"application\/ld+json\" class=\"yoast-schema-graph\">{\"@context\":\"https:\\\/\\\/schema.org\",\"@graph\":[{\"@type\":\"WebPage\",\"@id\":\"https:\\\/\\\/www.gerontim.com\\\/fr\\\/politique-gestion-cookies\\\/\",\"url\":\"https:\\\/\\\/www.gerontim.com\\\/fr\\\/politique-gestion-cookies\\\/\",\"name\":\"Politique de gestion des cookies \u2013 Gerontim\",\"isPartOf\":{\"@id\":\"https:\\\/\\\/www.gerontim.com\\\/fr\\\/#website\"},\"datePublished\":\"2019-10-30T14:09:48+00:00\",\"dateModified\":\"2022-06-15T10:08:44+00:00\",\"description\":\"Cliquez pour en savoir plus sur l\u2019origine et l\u2019usage des informations de navigation trait\u00e9es \u00e0 l\u2019occasion de votre consultation de notre site, et sur vos droits.\",\"breadcrumb\":{\"@id\":\"https:\\\/\\\/www.gerontim.com\\\/fr\\\/politique-gestion-cookies\\\/#breadcrumb\"},\"inLanguage\":\"fr-FR\",\"potentialAction\":[{\"@type\":\"ReadAction\",\"target\":[\"https:\\\/\\\/www.gerontim.com\\\/fr\\\/politique-gestion-cookies\\\/\"]}]},{\"@type\":\"BreadcrumbList\",\"@id\":\"https:\\\/\\\/www.gerontim.com\\\/fr\\\/politique-gestion-cookies\\\/#breadcrumb\",\"itemListElement\":[{\"@type\":\"ListItem\",\"position\":1,\"name\":\"Accueil\",\"item\":\"https:\\\/\\\/www.gerontim.com\\\/fr\\\/\"},{\"@type\":\"ListItem\",\"position\":2,\"name\":\"Gestion des cookies\"}]},{\"@type\":\"WebSite\",\"@id\":\"https:\\\/\\\/www.gerontim.com\\\/fr\\\/#website\",\"url\":\"https:\\\/\\\/www.gerontim.com\\\/fr\\\/\",\"name\":\"Gerontim\",\"description\":\"L&#039;expertise g\u00e9rontologique\",\"publisher\":{\"@id\":\"https:\\\/\\\/www.gerontim.com\\\/fr\\\/#organization\"},\"potentialAction\":[{\"@type\":\"SearchAction\",\"target\":{\"@type\":\"EntryPoint\",\"urlTemplate\":\"https:\\\/\\\/www.gerontim.com\\\/fr\\\/?s={search_term_string}\"},\"query-input\":{\"@type\":\"PropertyValueSpecification\",\"valueRequired\":true,\"valueName\":\"search_term_string\"}}],\"inLanguage\":\"fr-FR\"},{\"@type\":\"Organization\",\"@id\":\"https:\\\/\\\/www.gerontim.com\\\/fr\\\/#organization\",\"name\":\"Gerontim\",\"url\":\"https:\\\/\\\/www.gerontim.com\\\/fr\\\/\",\"logo\":{\"@type\":\"ImageObject\",\"inLanguage\":\"fr-FR\",\"@id\":\"https:\\\/\\\/www.gerontim.com\\\/fr\\\/#\\\/schema\\\/logo\\\/image\\\/\",\"url\":\"https:\\\/\\\/www.gerontim.com\\\/wp-content\\\/uploads\\\/2019\\\/12\\\/gerontim-logo-sm.png\",\"contentUrl\":\"https:\\\/\\\/www.gerontim.com\\\/wp-content\\\/uploads\\\/2019\\\/12\\\/gerontim-logo-sm.png\",\"width\":140,\"height\":67,\"caption\":\"Gerontim\"},\"image\":{\"@id\":\"https:\\\/\\\/www.gerontim.com\\\/fr\\\/#\\\/schema\\\/logo\\\/image\\\/\"},\"sameAs\":[\"https:\\\/\\\/x.com\\\/Gerontim\",\"https:\\\/\\\/www.linkedin.com\\\/company\\\/gerontim-cabinet-conseil-gerontologie\\\/\"]}]}<\/script>\n<!-- \/ Yoast SEO plugin. -->","yoast_head_json":{"title":"Politique de gestion des cookies \u2013 Gerontim","description":"Cliquez pour en savoir plus sur l\u2019origine et l\u2019usage des informations de navigation trait\u00e9es \u00e0 l\u2019occasion de votre consultation de notre site, et sur vos droits.","robots":{"index":"index","follow":"follow","max-snippet":"max-snippet:-1","max-image-preview":"max-image-preview:large","max-video-preview":"max-video-preview:-1"},"canonical":"https:\/\/www.gerontim.com\/fr\/politique-gestion-cookies\/","og_locale":"fr_FR","og_type":"article","og_title":"Politique de gestion des cookies \u2013 Gerontim","og_description":"Cliquez pour en savoir plus sur l\u2019origine et l\u2019usage des informations de navigation trait\u00e9es \u00e0 l\u2019occasion de votre consultation de notre site, et sur vos droits.","og_url":"https:\/\/www.gerontim.com\/fr\/politique-gestion-cookies\/","og_site_name":"Gerontim","article_modified_time":"2022-06-15T10:08:44+00:00","twitter_card":"summary_large_image","twitter_site":"@Gerontim","twitter_misc":{"Dur\u00e9e de lecture estim\u00e9e":"3 minutes"},"schema":{"@context":"https:\/\/schema.org","@graph":[{"@type":"WebPage","@id":"https:\/\/www.gerontim.com\/fr\/politique-gestion-cookies\/","url":"https:\/\/www.gerontim.com\/fr\/politique-gestion-cookies\/","name":"Politique de gestion des cookies \u2013 Gerontim","isPartOf":{"@id":"https:\/\/www.gerontim.com\/fr\/#website"},"datePublished":"2019-10-30T14:09:48+00:00","dateModified":"2022-06-15T10:08:44+00:00","description":"Cliquez pour en savoir plus sur l\u2019origine et l\u2019usage des informations de navigation trait\u00e9es \u00e0 l\u2019occasion de votre consultation de notre site, et sur vos droits.","breadcrumb":{"@id":"https:\/\/www.gerontim.com\/fr\/politique-gestion-cookies\/#breadcrumb"},"inLanguage":"fr-FR","potentialAction":[{"@type":"ReadAction","target":["https:\/\/www.gerontim.com\/fr\/politique-gestion-cookies\/"]}]},{"@type":"BreadcrumbList","@id":"https:\/\/www.gerontim.com\/fr\/politique-gestion-cookies\/#breadcrumb","itemListElement":[{"@type":"ListItem","position":1,"name":"Accueil","item":"https:\/\/www.gerontim.com\/fr\/"},{"@type":"ListItem","position":2,"name":"Gestion des cookies"}]},{"@type":"WebSite","@id":"https:\/\/www.gerontim.com\/fr\/#website","url":"https:\/\/www.gerontim.com\/fr\/","name":"Gerontim","description":"L&#039;expertise g\u00e9rontologique","publisher":{"@id":"https:\/\/www.gerontim.com\/fr\/#organization"},"potentialAction":[{"@type":"SearchAction","target":{"@type":"EntryPoint","urlTemplate":"https:\/\/www.gerontim.com\/fr\/?s={search_term_string}"},"query-input":{"@type":"PropertyValueSpecification","valueRequired":true,"valueName":"search_term_string"}}],"inLanguage":"fr-FR"},{"@type":"Organization","@id":"https:\/\/www.gerontim.com\/fr\/#organization","name":"Gerontim","url":"https:\/\/www.gerontim.com\/fr\/","logo":{"@type":"ImageObject","inLanguage":"fr-FR","@id":"https:\/\/www.gerontim.com\/fr\/#\/schema\/logo\/image\/","url":"https:\/\/www.gerontim.com\/wp-content\/uploads\/2019\/12\/gerontim-logo-sm.png","contentUrl":"https:\/\/www.gerontim.com\/wp-content\/uploads\/2019\/12\/gerontim-logo-sm.png","width":140,"height":67,"caption":"Gerontim"},"image":{"@id":"https:\/\/www.gerontim.com\/fr\/#\/schema\/logo\/image\/"},"sameAs":["https:\/\/x.com\/Gerontim","https:\/\/www.linkedin.com\/company\/gerontim-cabinet-conseil-gerontologie\/"]}]}},"_links":{"self":[{"href":"https:\/\/www.gerontim.com\/fr\/wp-json\/wp\/v2\/pages\/5360","targetHints":{"allow":["GET"]}}],"collection":[{"href":"https:\/\/www.gerontim.com\/fr\/wp-json\/wp\/v2\/pages"}],"about":[{"href":"https:\/\/www.gerontim.com\/fr\/wp-json\/wp\/v2\/types\/page"}],"author":[{"embeddable":true,"href":"https:\/\/www.gerontim.com\/fr\/wp-json\/wp\/v2\/users\/2"}],"replies":[{"embeddable":true,"href":"https:\/\/www.gerontim.com\/fr\/wp-json\/wp\/v2\/comments?post=5360"}],"version-history":[{"count":13,"href":"https:\/\/www.gerontim.com\/fr\/wp-json\/wp\/v2\/pages\/5360\/revisions"}],"predecessor-version":[{"id":10653,"href":"https:\/\/www.gerontim.com\/fr\/wp-json\/wp\/v2\/pages\/5360\/revisions\/10653"}],"wp:attachment":[{"href":"https:\/\/www.gerontim.com\/fr\/wp-json\/wp\/v2\/media?parent=5360"}],"wp:term":[{"taxonomy":"category","embeddable":true,"href":"https:\/\/www.gerontim.com\/fr\/wp-json\/wp\/v2\/categories?post=5360"},{"taxonomy":"post_tag","embeddable":true,"href":"https:\/\/www.gerontim.com\/fr\/wp-json\/wp\/v2\/tags?post=5360"}],"curies":[{"name":"wp","href":"https:\/\/api.w.org\/{rel}","templated":true}]}}